{"id":4893,"date":"2018-08-17T10:16:37","date_gmt":"2018-08-17T10:16:37","guid":{"rendered":"https:\/\/lauspartners.ee\/people\/viktor-sargava\/"},"modified":"2023-10-16T09:36:52","modified_gmt":"2023-10-16T09:36:52","slug":"viktor-sargava","status":"publish","type":"page","link":"https:\/\/lauspartners.ee\/en\/people\/viktor-sargava\/","title":{"rendered":"Viktor S\u00e4rgava"},"content":{"rendered":"\t\t<div data-elementor-type=\"wp-post\" data-elementor-id=\"4893\" class=\"elementor elementor-4893 elementor-4792\">\n\t\t\t\t\t\t<div class=\"elementor-inner\">\n\t\t\t\t<div class=\"elementor-section-wrap\">\n\t\t\t\t\t\t\t\t\t<section class=\"elementor-section elementor-top-section elementor-element elementor-element-75f47c47 elementor-section-full_width elementor-section-height-default elementor-section-height-default\" data-id=\"75f47c47\" data-element_type=\"section\">\n\t\t\t\t\t\t<div class=\"elementor-container elementor-column-gap-default\">\n\t\t\t\t\t\t\t<div class=\"elementor-row\">\n\t\t\t\t\t<div class=\"elementor-column elementor-col-100 elementor-top-column elementor-element elementor-element-529ebd70\" data-id=\"529ebd70\" data-element_type=\"column\">\n\t\t\t<div class=\"elementor-column-wrap elementor-element-populated\">\n\t\t\t\t\t\t\t<div class=\"elementor-widget-wrap\">\n\t\t\t\t\t\t<section class=\"elementor-section elementor-inner-section elementor-element elementor-element-583198c3 elementor-section-boxed elementor-section-height-default elementor-section-height-default\" data-id=\"583198c3\" data-element_type=\"section\">\n\t\t\t\t\t\t<div class=\"elementor-container elementor-column-gap-wide\">\n\t\t\t\t\t\t\t<div class=\"elementor-row\">\n\t\t\t\t\t<div class=\"elementor-column elementor-col-33 elementor-inner-column elementor-element elementor-element-18f7e85a animated-slow elementor-invisible\" data-id=\"18f7e85a\" data-element_type=\"column\" data-settings=\"{&quot;background_background&quot;:&quot;classic&quot;,&quot;animation&quot;:&quot;fadeIn&quot;}\">\n\t\t\t<div class=\"elementor-column-wrap elementor-element-populated\">\n\t\t\t\t\t\t\t<div class=\"elementor-widget-wrap\">\n\t\t\t\t\t\t<div class=\"elementor-element elementor-element-ea4bda8 elementor-widget elementor-widget-image\" data-id=\"ea4bda8\" data-element_type=\"widget\" data-widget_type=\"image.default\">\n\t\t\t\t<div class=\"elementor-widget-container\">\n\t\t\t\t\t\t\t\t<div class=\"elementor-image\">\n\t\t\t\t\t\t\t\t\t\t\t\t<img loading=\"lazy\" decoding=\"async\" width=\"800\" height=\"800\" src=\"https:\/\/lauspartners.ee\/wp-content\/uploads\/2017\/08\/Viktor-Sa\u0308rgava-800x800.jpg\" class=\"attachment-fw-theme-category-square-800 size-fw-theme-category-square-800 wp-image-6239\" alt=\"\" srcset=\"https:\/\/lauspartners.ee\/wp-content\/uploads\/2017\/08\/Viktor-Sa\u0308rgava-800x800.jpg 800w, https:\/\/lauspartners.ee\/wp-content\/uploads\/2017\/08\/Viktor-Sa\u0308rgava-150x150.jpg 150w, https:\/\/lauspartners.ee\/wp-content\/uploads\/2017\/08\/Viktor-Sa\u0308rgava-300x300.jpg 300w, https:\/\/lauspartners.ee\/wp-content\/uploads\/2017\/08\/Viktor-Sa\u0308rgava-768x768.jpg 768w, https:\/\/lauspartners.ee\/wp-content\/uploads\/2017\/08\/Viktor-Sa\u0308rgava.jpg 900w\" sizes=\"auto, (max-width: 800px) 100vw, 800px\" \/>\t\t\t\t\t\t\t\t\t\t\t\t\t\t<\/div>\n\t\t\t\t\t\t<\/div>\n\t\t\t\t<\/div>\n\t\t\t\t<div class=\"elementor-element elementor-element-01956b0 elementor-widget elementor-widget-heading\" data-id=\"01956b0\" data-element_type=\"widget\" data-widget_type=\"heading.default\">\n\t\t\t\t<div class=\"elementor-widget-container\">\n\t\t\t<h1 class=\"elementor-heading-title elementor-size-large\">Viktor S\u00e4rgava<\/h1>\t\t<\/div>\n\t\t\t\t<\/div>\n\t\t\t\t<div class=\"elementor-element elementor-element-2de324ca elementor-widget elementor-widget-heading\" data-id=\"2de324ca\" data-element_type=\"widget\" data-widget_type=\"heading.default\">\n\t\t\t\t<div class=\"elementor-widget-container\">\n\t\t\t<p class=\"elementor-heading-title elementor-size-small\">Attorney at law<\/p>\t\t<\/div>\n\t\t\t\t<\/div>\n\t\t\t\t<div class=\"elementor-element elementor-element-197e361c elementor-widget elementor-widget-heading\" data-id=\"197e361c\" data-element_type=\"widget\" data-widget_type=\"heading.default\">\n\t\t\t\t<div class=\"elementor-widget-container\">\n\t\t\t<p class=\"elementor-heading-title elementor-size-small\"><a href=\"&#109;a&#x69;l&#x74;o&#x3a;v&#x69;&#107;&#x74;&#111;&#x72;&#64;&#x6c;&#97;u&#115;p&#x61;r&#x74;n&#x65;&#114;&#x73;&#46;&#x65;&#101;\">e-post: &#118;&#x69;&#x6b;&#116;&#x6f;&#x72;&#64;&#x6c;&#x61;&#117;&#x73;&#x70;&#97;&#x72;&#x74;&#110;&#x65;&#x72;&#115;&#x2e;&#x65;&#101;<\/a><\/p>\t\t<\/div>\n\t\t\t\t<\/div>\n\t\t\t\t\t\t<\/div>\n\t\t\t\t\t<\/div>\n\t\t<\/div>\n\t\t\t\t<div class=\"elementor-column elementor-col-66 elementor-inner-column elementor-element elementor-element-15d6ed07 elementor-invisible\" data-id=\"15d6ed07\" data-element_type=\"column\" data-settings=\"{&quot;animation&quot;:&quot;fadeIn&quot;}\">\n\t\t\t<div class=\"elementor-column-wrap elementor-element-populated\">\n\t\t\t\t\t\t\t<div class=\"elementor-widget-wrap\">\n\t\t\t\t\t\t<div class=\"elementor-element elementor-element-628273a8 elementor-widget elementor-widget-heading\" data-id=\"628273a8\" data-element_type=\"widget\" data-widget_type=\"heading.default\">\n\t\t\t\t<div class=\"elementor-widget-container\">\n\t\t\t<h6 class=\"elementor-heading-title elementor-size-default\">Education<\/h6>\t\t<\/div>\n\t\t\t\t<\/div>\n\t\t\t\t<div class=\"elementor-element elementor-element-70466935 elementor-widget elementor-widget-text-editor\" data-id=\"70466935\" data-element_type=\"widget\" data-widget_type=\"text-editor.default\">\n\t\t\t\t<div class=\"elementor-widget-container\">\n\t\t\t\t\t\t\t\t<div class=\"elementor-text-editor elementor-clearfix\">\n\t\t\t\t<ul>\n<li>2004 Bachelor&#8217;s Degree in Law ( BA ), Faculty of Law of Univerisity Nord, Tallinn, Estonia<\/li>\n<li>2003 Courses in European Law, University of Tilburg, Netherlands<\/li>\n<\/ul>\n\t\t\t\t\t<\/div>\n\t\t\t\t\t\t<\/div>\n\t\t\t\t<\/div>\n\t\t\t\t<div class=\"elementor-element elementor-element-bf0af53 elementor-widget elementor-widget-heading\" data-id=\"bf0af53\" data-element_type=\"widget\" data-widget_type=\"heading.default\">\n\t\t\t\t<div class=\"elementor-widget-container\">\n\t\t\t<h6 class=\"elementor-heading-title elementor-size-default\">Job experience<\/h6>\t\t<\/div>\n\t\t\t\t<\/div>\n\t\t\t\t<div class=\"elementor-element elementor-element-16877d3d elementor-widget elementor-widget-text-editor\" data-id=\"16877d3d\" data-element_type=\"widget\" data-widget_type=\"text-editor.default\">\n\t\t\t\t<div class=\"elementor-widget-container\">\n\t\t\t\t\t\t\t\t<div class=\"elementor-text-editor elementor-clearfix\">\n\t\t\t\t<ul>\n<li>Since 2005 Law Office Laus &amp; Partners<\/li>\n<li>2004-2005 LEXTAL Law Firm<\/li>\n<\/ul>\n\t\t\t\t\t<\/div>\n\t\t\t\t\t\t<\/div>\n\t\t\t\t<\/div>\n\t\t\t\t<div class=\"elementor-element elementor-element-3c281f10 elementor-widget elementor-widget-heading\" data-id=\"3c281f10\" data-element_type=\"widget\" data-widget_type=\"heading.default\">\n\t\t\t\t<div class=\"elementor-widget-container\">\n\t\t\t<h6 class=\"elementor-heading-title elementor-size-default\">Membership<\/h6>\t\t<\/div>\n\t\t\t\t<\/div>\n\t\t\t\t<div class=\"elementor-element elementor-element-7ed29dc3 elementor-widget elementor-widget-text-editor\" data-id=\"7ed29dc3\" data-element_type=\"widget\" data-widget_type=\"text-editor.default\">\n\t\t\t\t<div class=\"elementor-widget-container\">\n\t\t\t\t\t\t\t\t<div class=\"elementor-text-editor elementor-clearfix\">\n\t\t\t\t<ul>\n<li>Member of Estonian Bar Association since 2005<\/li>\n<\/ul>\t\t\t\t\t<\/div>\n\t\t\t\t\t\t<\/div>\n\t\t\t\t<\/div>\n\t\t\t\t<div class=\"elementor-element elementor-element-459f59a elementor-widget elementor-widget-heading\" data-id=\"459f59a\" data-element_type=\"widget\" data-widget_type=\"heading.default\">\n\t\t\t\t<div class=\"elementor-widget-container\">\n\t\t\t<h6 class=\"elementor-heading-title elementor-size-default\">Areas of practise<\/h6>\t\t<\/div>\n\t\t\t\t<\/div>\n\t\t\t\t<div class=\"elementor-element elementor-element-48f6b89 elementor-widget elementor-widget-text-editor\" data-id=\"48f6b89\" data-element_type=\"widget\" data-widget_type=\"text-editor.default\">\n\t\t\t\t<div class=\"elementor-widget-container\">\n\t\t\t\t\t\t\t\t<div class=\"elementor-text-editor elementor-clearfix\">\n\t\t\t\t<ul><li>Business\/Company law<\/li><li>Real Estate law<\/li><li>Civil proceedings<\/li><li>Misdemeanour Proceedings<\/li><li>Bankruptcy law<\/li><li>Tax Law<\/li><li>Contract law<\/li><\/ul>\t\t\t\t\t<\/div>\n\t\t\t\t\t\t<\/div>\n\t\t\t\t<\/div>\n\t\t\t\t<div class=\"elementor-element elementor-element-6840946f elementor-widget elementor-widget-heading\" data-id=\"6840946f\" data-element_type=\"widget\" data-widget_type=\"heading.default\">\n\t\t\t\t<div class=\"elementor-widget-container\">\n\t\t\t<h6 class=\"elementor-heading-title elementor-size-default\">Languages<\/h6>\t\t<\/div>\n\t\t\t\t<\/div>\n\t\t\t\t<div class=\"elementor-element elementor-element-617d76ea elementor-widget elementor-widget-text-editor\" data-id=\"617d76ea\" data-element_type=\"widget\" data-widget_type=\"text-editor.default\">\n\t\t\t\t<div class=\"elementor-widget-container\">\n\t\t\t\t\t\t\t\t<div class=\"elementor-text-editor elementor-clearfix\">\n\t\t\t\t<ul>\n<li>Estonian<\/li>\n<li>Russian<\/li>\n<li>English<\/li>\n<\/ul>\n\t\t\t\t\t<\/div>\n\t\t\t\t\t\t<\/div>\n\t\t\t\t<\/div>\n\t\t\t\t\t\t<\/div>\n\t\t\t\t\t<\/div>\n\t\t<\/div>\n\t\t\t\t\t\t\t\t<\/div>\n\t\t\t\t\t<\/div>\n\t\t<\/section>\n\t\t\t\t\t\t<\/div>\n\t\t\t\t\t<\/div>\n\t\t<\/div>\n\t\t\t\t\t\t\t\t<\/div>\n\t\t\t\t\t<\/div>\n\t\t<\/section>\n\t\t\t\t\t\t\t\t\t<\/div>\n\t\t\t<\/div>\n\t\t\t\t\t<\/div>\n\t\t","protected":false},"excerpt":{"rendered":"<p>Viktor S\u00e4rgava Attorney at law e-post: &#x76;&#105;&#107;t&#x6f;&#x72;&#64;l&#x61;&#x75;&#115;p&#x61;&#x72;&#116;n&#x65;&#x72;&#115;&#46;&#x65;&#x65; Education 2004 Bachelor&#8217;s Degree in Law ( BA ), Faculty of Law of Univerisity Nord, Tallinn, Estonia 2003 Courses in European Law, University of Tilburg, Netherlands Job experience Since 2005 Law Office Laus &amp; Partners 2004-2005 LEXTAL Law Firm Membership Member of Estonian Bar Association since 2005 Areas [&hellip;]<\/p>\n","protected":false},"author":4,"featured_media":0,"parent":4585,"menu_order":0,"comment_status":"closed","ping_status":"closed","template":"visual-builder-template.php","meta":{"footnotes":""},"class_list":["post-4893","page","type-page","status-publish","hentry"],"yoast_head":"<!-- This site is optimized with the Yoast SEO plugin v26.0 - https:\/\/yoast.com\/wordpress\/plugins\/seo\/ -->\n<title>Viktor S\u00e4rgava - Advokaadib\u00fcroo Laus &amp; Partnerid<\/title>\n<meta name=\"robots\" content=\"index, follow, max-snippet:-1, max-image-preview:large, max-video-preview:-1\" \/>\n<link rel=\"canonical\" href=\"https:\/\/lauspartners.ee\/inimesed\/viktor-sargava\/\" \/>\n<meta property=\"og:locale\" content=\"en_US\" \/>\n<meta property=\"og:type\" content=\"article\" \/>\n<meta property=\"og:title\" content=\"Viktor S\u00e4rgava - Advokaadib\u00fcroo Laus &amp; Partnerid\" \/>\n<meta property=\"og:description\" content=\"Viktor S\u00e4rgava Attorney at law e-post: &#118;i&#x6b;t&#x6f;r&#x40;l&#x61;&#117;&#x73;&#112;&#x61;&#114;&#x74;&#110;e&#114;s&#x2e;e&#x65; Education 2004 Bachelor&#8217;s Degree in Law ( BA ), Faculty of Law of Univerisity Nord, Tallinn, Estonia 2003 Courses in European Law, University of Tilburg, Netherlands Job experience Since 2005 Law Office Laus &amp; Partners 2004-2005 LEXTAL Law Firm Membership Member of Estonian Bar Association since 2005 Areas [&hellip;]\" \/>\n<meta property=\"og:url\" content=\"https:\/\/lauspartners.ee\/inimesed\/viktor-sargava\/\" \/>\n<meta property=\"og:site_name\" content=\"Advokaadib\u00fcroo Laus &amp; Partnerid\" \/>\n<meta property=\"article:modified_time\" content=\"2023-10-16T09:36:52+00:00\" \/>\n<meta name=\"twitter:card\" content=\"summary_large_image\" \/>\n<meta name=\"twitter:label1\" content=\"Est. reading time\" \/>\n\t<meta name=\"twitter:data1\" content=\"1 minute\" \/>\n<script type=\"application\/ld+json\" class=\"yoast-schema-graph\">{\"@context\":\"https:\/\/schema.org\",\"@graph\":[{\"@type\":\"WebPage\",\"@id\":\"https:\/\/lauspartners.ee\/inimesed\/viktor-sargava\/\",\"url\":\"https:\/\/lauspartners.ee\/inimesed\/viktor-sargava\/\",\"name\":\"Viktor S\u00e4rgava - Advokaadib\u00fcroo Laus &amp; Partnerid\",\"isPartOf\":{\"@id\":\"https:\/\/lauspartners.ee\/#website\"},\"datePublished\":\"2018-08-17T10:16:37+00:00\",\"dateModified\":\"2023-10-16T09:36:52+00:00\",\"breadcrumb\":{\"@id\":\"https:\/\/lauspartners.ee\/inimesed\/viktor-sargava\/#breadcrumb\"},\"inLanguage\":\"en-US\",\"potentialAction\":[{\"@type\":\"ReadAction\",\"target\":[\"https:\/\/lauspartners.ee\/inimesed\/viktor-sargava\/\"]}]},{\"@type\":\"BreadcrumbList\",\"@id\":\"https:\/\/lauspartners.ee\/inimesed\/viktor-sargava\/#breadcrumb\",\"itemListElement\":[{\"@type\":\"ListItem\",\"position\":1,\"name\":\"Home\",\"item\":\"https:\/\/lauspartners.ee\/en\/\"},{\"@type\":\"ListItem\",\"position\":2,\"name\":\"People\",\"item\":\"https:\/\/lauspartners.ee\/inimesed\/\"},{\"@type\":\"ListItem\",\"position\":3,\"name\":\"Viktor S\u00e4rgava\"}]},{\"@type\":\"WebSite\",\"@id\":\"https:\/\/lauspartners.ee\/#website\",\"url\":\"https:\/\/lauspartners.ee\/\",\"name\":\"Advokaadib\u00fcroo Laus &amp; Partnerid\",\"description\":\"Law office Laus &amp; Partners was founded in 1992 in Tallinn. We are a traditional law office with many years of experience providing full range of professional legal services in all areas of law.\",\"publisher\":{\"@id\":\"https:\/\/lauspartners.ee\/#organization\"},\"potentialAction\":[{\"@type\":\"SearchAction\",\"target\":{\"@type\":\"EntryPoint\",\"urlTemplate\":\"https:\/\/lauspartners.ee\/?s={search_term_string}\"},\"query-input\":{\"@type\":\"PropertyValueSpecification\",\"valueRequired\":true,\"valueName\":\"search_term_string\"}}],\"inLanguage\":\"en-US\"},{\"@type\":\"Organization\",\"@id\":\"https:\/\/lauspartners.ee\/#organization\",\"name\":\"Laus ja Partnerid\",\"url\":\"https:\/\/lauspartners.ee\/\",\"logo\":{\"@type\":\"ImageObject\",\"inLanguage\":\"en-US\",\"@id\":\"https:\/\/lauspartners.ee\/#\/schema\/logo\/image\/\",\"url\":\"https:\/\/lauspartners.ee\/wp-content\/uploads\/2017\/02\/laus-partners-logo.png\",\"contentUrl\":\"https:\/\/lauspartners.ee\/wp-content\/uploads\/2017\/02\/laus-partners-logo.png\",\"width\":1094,\"height\":186,\"caption\":\"Laus ja Partnerid\"},\"image\":{\"@id\":\"https:\/\/lauspartners.ee\/#\/schema\/logo\/image\/\"}}]}<\/script>\n<!-- \/ Yoast SEO plugin. -->","yoast_head_json":{"title":"Viktor S\u00e4rgava - Advokaadib\u00fcroo Laus &amp; Partnerid","robots":{"index":"index","follow":"follow","max-snippet":"max-snippet:-1","max-image-preview":"max-image-preview:large","max-video-preview":"max-video-preview:-1"},"canonical":"https:\/\/lauspartners.ee\/inimesed\/viktor-sargava\/","og_locale":"en_US","og_type":"article","og_title":"Viktor S\u00e4rgava - Advokaadib\u00fcroo Laus &amp; Partnerid","og_description":"Viktor S\u00e4rgava Attorney at law e-post: &#118;i&#x6b;t&#x6f;r&#x40;l&#x61;&#117;&#x73;&#112;&#x61;&#114;&#x74;&#110;e&#114;s&#x2e;e&#x65; Education 2004 Bachelor&#8217;s Degree in Law ( BA ), Faculty of Law of Univerisity Nord, Tallinn, Estonia 2003 Courses in European Law, University of Tilburg, Netherlands Job experience Since 2005 Law Office Laus &amp; Partners 2004-2005 LEXTAL Law Firm Membership Member of Estonian Bar Association since 2005 Areas [&hellip;]","og_url":"https:\/\/lauspartners.ee\/inimesed\/viktor-sargava\/","og_site_name":"Advokaadib\u00fcroo Laus &amp; Partnerid","article_modified_time":"2023-10-16T09:36:52+00:00","twitter_card":"summary_large_image","twitter_misc":{"Est. reading time":"1 minute"},"schema":{"@context":"https:\/\/schema.org","@graph":[{"@type":"WebPage","@id":"https:\/\/lauspartners.ee\/inimesed\/viktor-sargava\/","url":"https:\/\/lauspartners.ee\/inimesed\/viktor-sargava\/","name":"Viktor S\u00e4rgava - Advokaadib\u00fcroo Laus &amp; Partnerid","isPartOf":{"@id":"https:\/\/lauspartners.ee\/#website"},"datePublished":"2018-08-17T10:16:37+00:00","dateModified":"2023-10-16T09:36:52+00:00","breadcrumb":{"@id":"https:\/\/lauspartners.ee\/inimesed\/viktor-sargava\/#breadcrumb"},"inLanguage":"en-US","potentialAction":[{"@type":"ReadAction","target":["https:\/\/lauspartners.ee\/inimesed\/viktor-sargava\/"]}]},{"@type":"BreadcrumbList","@id":"https:\/\/lauspartners.ee\/inimesed\/viktor-sargava\/#breadcrumb","itemListElement":[{"@type":"ListItem","position":1,"name":"Home","item":"https:\/\/lauspartners.ee\/en\/"},{"@type":"ListItem","position":2,"name":"People","item":"https:\/\/lauspartners.ee\/inimesed\/"},{"@type":"ListItem","position":3,"name":"Viktor S\u00e4rgava"}]},{"@type":"WebSite","@id":"https:\/\/lauspartners.ee\/#website","url":"https:\/\/lauspartners.ee\/","name":"Advokaadib\u00fcroo Laus &amp; Partnerid","description":"Law office Laus &amp; Partners was founded in 1992 in Tallinn. We are a traditional law office with many years of experience providing full range of professional legal services in all areas of law.","publisher":{"@id":"https:\/\/lauspartners.ee\/#organization"},"potentialAction":[{"@type":"SearchAction","target":{"@type":"EntryPoint","urlTemplate":"https:\/\/lauspartners.ee\/?s={search_term_string}"},"query-input":{"@type":"PropertyValueSpecification","valueRequired":true,"valueName":"search_term_string"}}],"inLanguage":"en-US"},{"@type":"Organization","@id":"https:\/\/lauspartners.ee\/#organization","name":"Laus ja Partnerid","url":"https:\/\/lauspartners.ee\/","logo":{"@type":"ImageObject","inLanguage":"en-US","@id":"https:\/\/lauspartners.ee\/#\/schema\/logo\/image\/","url":"https:\/\/lauspartners.ee\/wp-content\/uploads\/2017\/02\/laus-partners-logo.png","contentUrl":"https:\/\/lauspartners.ee\/wp-content\/uploads\/2017\/02\/laus-partners-logo.png","width":1094,"height":186,"caption":"Laus ja Partnerid"},"image":{"@id":"https:\/\/lauspartners.ee\/#\/schema\/logo\/image\/"}}]}},"_links":{"self":[{"href":"https:\/\/lauspartners.ee\/en\/wp-json\/wp\/v2\/pages\/4893","targetHints":{"allow":["GET"]}}],"collection":[{"href":"https:\/\/lauspartners.ee\/en\/wp-json\/wp\/v2\/pages"}],"about":[{"href":"https:\/\/lauspartners.ee\/en\/wp-json\/wp\/v2\/types\/page"}],"author":[{"embeddable":true,"href":"https:\/\/lauspartners.ee\/en\/wp-json\/wp\/v2\/users\/4"}],"replies":[{"embeddable":true,"href":"https:\/\/lauspartners.ee\/en\/wp-json\/wp\/v2\/comments?post=4893"}],"version-history":[{"count":17,"href":"https:\/\/lauspartners.ee\/en\/wp-json\/wp\/v2\/pages\/4893\/revisions"}],"predecessor-version":[{"id":6796,"href":"https:\/\/lauspartners.ee\/en\/wp-json\/wp\/v2\/pages\/4893\/revisions\/6796"}],"up":[{"embeddable":true,"href":"https:\/\/lauspartners.ee\/en\/wp-json\/wp\/v2\/pages\/4585"}],"wp:attachment":[{"href":"https:\/\/lauspartners.ee\/en\/wp-json\/wp\/v2\/media?parent=4893"}],"curies":[{"name":"wp","href":"https:\/\/api.w.org\/{rel}","templated":true}]}}