{"id":5914,"date":"2021-11-16T20:00:01","date_gmt":"2021-11-16T20:00:01","guid":{"rendered":"https:\/\/lauspartners.ee\/?page_id=5914"},"modified":"2023-10-16T13:05:43","modified_gmt":"2023-10-16T13:05:43","slug":"tonis-jakob","status":"publish","type":"page","link":"https:\/\/lauspartners.ee\/en\/people\/tonis-jakob\/","title":{"rendered":"T\u00f5nis Jakob"},"content":{"rendered":"\t\t<div data-elementor-type=\"wp-post\" data-elementor-id=\"5914\" class=\"elementor elementor-5914 elementor-5906\">\n\t\t\t\t\t\t<div class=\"elementor-inner\">\n\t\t\t\t<div class=\"elementor-section-wrap\">\n\t\t\t\t\t\t\t\t\t<section class=\"elementor-section elementor-top-section elementor-element elementor-element-75f47c47 elementor-section-full_width elementor-section-height-default elementor-section-height-default\" data-id=\"75f47c47\" data-element_type=\"section\">\n\t\t\t\t\t\t<div class=\"elementor-container elementor-column-gap-default\">\n\t\t\t\t\t\t\t<div class=\"elementor-row\">\n\t\t\t\t\t<div class=\"elementor-column elementor-col-100 elementor-top-column elementor-element elementor-element-529ebd70\" data-id=\"529ebd70\" data-element_type=\"column\">\n\t\t\t<div class=\"elementor-column-wrap elementor-element-populated\">\n\t\t\t\t\t\t\t<div class=\"elementor-widget-wrap\">\n\t\t\t\t\t\t<section class=\"elementor-section elementor-inner-section elementor-element elementor-element-583198c3 elementor-section-boxed elementor-section-height-default elementor-section-height-default\" data-id=\"583198c3\" data-element_type=\"section\">\n\t\t\t\t\t\t<div class=\"elementor-container elementor-column-gap-wide\">\n\t\t\t\t\t\t\t<div class=\"elementor-row\">\n\t\t\t\t\t<div class=\"elementor-column elementor-col-33 elementor-inner-column elementor-element elementor-element-18f7e85a animated-slow elementor-invisible\" data-id=\"18f7e85a\" data-element_type=\"column\" data-settings=\"{&quot;background_background&quot;:&quot;classic&quot;,&quot;animation&quot;:&quot;fadeIn&quot;}\">\n\t\t\t<div class=\"elementor-column-wrap elementor-element-populated\">\n\t\t\t\t\t\t\t<div class=\"elementor-widget-wrap\">\n\t\t\t\t\t\t<div class=\"elementor-element elementor-element-ea4bda8 elementor-widget elementor-widget-image\" data-id=\"ea4bda8\" data-element_type=\"widget\" data-widget_type=\"image.default\">\n\t\t\t\t<div class=\"elementor-widget-container\">\n\t\t\t\t\t\t\t\t<div class=\"elementor-image\">\n\t\t\t\t\t\t\t\t\t\t\t\t<img loading=\"lazy\" decoding=\"async\" width=\"800\" height=\"800\" src=\"https:\/\/lauspartners.ee\/wp-content\/uploads\/2021\/11\/person-gray-photo-placeholder-man-vector-22808088-800x800.jpg\" class=\"attachment-fw-theme-category-square-800 size-fw-theme-category-square-800 wp-image-5902\" alt=\"\" srcset=\"https:\/\/lauspartners.ee\/wp-content\/uploads\/2021\/11\/person-gray-photo-placeholder-man-vector-22808088-800x800.jpg 800w, https:\/\/lauspartners.ee\/wp-content\/uploads\/2021\/11\/person-gray-photo-placeholder-man-vector-22808088-150x150.jpg 150w, https:\/\/lauspartners.ee\/wp-content\/uploads\/2021\/11\/person-gray-photo-placeholder-man-vector-22808088-300x300.jpg 300w\" sizes=\"auto, (max-width: 800px) 100vw, 800px\" \/>\t\t\t\t\t\t\t\t\t\t\t\t\t\t<\/div>\n\t\t\t\t\t\t<\/div>\n\t\t\t\t<\/div>\n\t\t\t\t<div class=\"elementor-element elementor-element-01956b0 elementor-widget elementor-widget-heading\" data-id=\"01956b0\" data-element_type=\"widget\" data-widget_type=\"heading.default\">\n\t\t\t\t<div class=\"elementor-widget-container\">\n\t\t\t<h1 class=\"elementor-heading-title elementor-size-large\">T\u00f5nis Jakob<\/h1>\t\t<\/div>\n\t\t\t\t<\/div>\n\t\t\t\t<div class=\"elementor-element elementor-element-2de324ca elementor-widget elementor-widget-heading\" data-id=\"2de324ca\" data-element_type=\"widget\" data-widget_type=\"heading.default\">\n\t\t\t\t<div class=\"elementor-widget-container\">\n\t\t\t<p class=\"elementor-heading-title elementor-size-small\">Senior Tax Consultant<\/p>\t\t<\/div>\n\t\t\t\t<\/div>\n\t\t\t\t<div class=\"elementor-element elementor-element-197e361c elementor-widget elementor-widget-heading\" data-id=\"197e361c\" data-element_type=\"widget\" data-widget_type=\"heading.default\">\n\t\t\t\t<div class=\"elementor-widget-container\">\n\t\t\t<p class=\"elementor-heading-title elementor-size-small\"><a href=\"m&#97;&#x69;&#x6c;t&#111;&#x3a;&#x74;o&#110;&#105;&#x73;&#x2e;j&#97;&#x6b;&#x6f;b&#64;&#x67;&#x6d;a&#105;&#108;&#x2e;&#x63;o&#109;\">e-post: &#116;&#x6f;&#110;&#x69;&#115;&#x2e;&#106;&#x61;&#107;&#x6f;&#98;&#x40;g&#x6d;a&#x69;l&#x2e;c&#x6f;m<\/a><\/p>\t\t<\/div>\n\t\t\t\t<\/div>\n\t\t\t\t<div class=\"elementor-element elementor-element-8ebf274 elementor-widget elementor-widget-heading\" data-id=\"8ebf274\" data-element_type=\"widget\" data-widget_type=\"heading.default\">\n\t\t\t\t<div class=\"elementor-widget-container\">\n\t\t\t<p class=\"elementor-heading-title elementor-size-small\">Tel + 372 50 11 120<\/p>\t\t<\/div>\n\t\t\t\t<\/div>\n\t\t\t\t\t\t<\/div>\n\t\t\t\t\t<\/div>\n\t\t<\/div>\n\t\t\t\t<div class=\"elementor-column elementor-col-66 elementor-inner-column elementor-element elementor-element-15d6ed07 elementor-invisible\" data-id=\"15d6ed07\" data-element_type=\"column\" data-settings=\"{&quot;animation&quot;:&quot;fadeIn&quot;}\">\n\t\t\t<div class=\"elementor-column-wrap elementor-element-populated\">\n\t\t\t\t\t\t\t<div class=\"elementor-widget-wrap\">\n\t\t\t\t\t\t<div class=\"elementor-element elementor-element-6840946f elementor-widget elementor-widget-heading\" data-id=\"6840946f\" data-element_type=\"widget\" data-widget_type=\"heading.default\">\n\t\t\t\t<div class=\"elementor-widget-container\">\n\t\t\t<h6 class=\"elementor-heading-title elementor-size-default\">T\u00f5nis Jakob<\/h6>\t\t<\/div>\n\t\t\t\t<\/div>\n\t\t\t\t<div class=\"elementor-element elementor-element-617d76ea elementor-widget elementor-widget-text-editor\" data-id=\"617d76ea\" data-element_type=\"widget\" data-widget_type=\"text-editor.default\">\n\t\t\t\t<div class=\"elementor-widget-container\">\n\t\t\t\t\t\t\t\t<div class=\"elementor-text-editor elementor-clearfix\">\n\t\t\t\t<p>T\u00f5nis Jakob is a Senior Tax Manager of Marisett O\u00dc.<\/p><p>T\u00f5nis has a Master\u2019s degree in Economics from Tartu University (\u201ccum laude\u201d in 1974). He has worked for Ministry of Finance (Head of department of taxes and state revenues), National Tax Board (Deputy Director General), Ernst &amp; Young (senior tax manager and sworn auditor) and KPMG (senior tax manager), totally more than 39 years\u00b4 experience in taxation.<\/p><p>T\u00f5nis has considerable experience in both Estonian and international taxation as well as tax planning of various transactions.<\/p><p>He has a long-term experience in participation in tax reviews and tax audits, as well as consulting merger, division, restructuring and liquidation of the companies and sale of business. He has also participated in tax and financial due diligences of several companies.<\/p><p>He has also cooperated with Ministry of Finance in preparation of tax legislation.<\/p><p>T\u00f5nis Jakob is a lecturer at numerous public trainings and seminars in the field of tax and accounting and has been a taxation teacher in the universities.<\/p><p>He was a sworn auditor from 1994-2017 and has been a member of the Estonian Board of Auditors (1994 \u2013 2008).<\/p><p><em>Pursuant to \u00a7 40 (3) of the Bar Association Act, a tax advisor does not provide legal services. A tax advisor assists attorneys.<\/em><\/p>\t\t\t\t\t<\/div>\n\t\t\t\t\t\t<\/div>\n\t\t\t\t<\/div>\n\t\t\t\t\t\t<\/div>\n\t\t\t\t\t<\/div>\n\t\t<\/div>\n\t\t\t\t\t\t\t\t<\/div>\n\t\t\t\t\t<\/div>\n\t\t<\/section>\n\t\t\t\t\t\t<\/div>\n\t\t\t\t\t<\/div>\n\t\t<\/div>\n\t\t\t\t\t\t\t\t<\/div>\n\t\t\t\t\t<\/div>\n\t\t<\/section>\n\t\t\t\t\t\t\t\t\t<\/div>\n\t\t\t<\/div>\n\t\t\t\t\t<\/div>\n\t\t","protected":false},"excerpt":{"rendered":"<p>T\u00f5nis Jakob Senior Tax Consultant e-post: &#x74;&#111;&#110;i&#x73;&#x2e;&#106;a&#x6b;&#x6f;&#98;&#64;g&#x6d;&#97;&#105;l&#x2e;&#x63;&#111;m Tel + 372 50 11 120 T\u00f5nis Jakob T\u00f5nis Jakob is a Senior Tax Manager of Marisett O\u00dc. T\u00f5nis has a Master\u2019s degree in Economics from Tartu University (\u201ccum laude\u201d in 1974). He has worked for Ministry of Finance (Head of department of taxes and state revenues), National [&hellip;]<\/p>\n","protected":false},"author":4,"featured_media":0,"parent":4585,"menu_order":0,"comment_status":"closed","ping_status":"closed","template":"visual-builder-template.php","meta":{"footnotes":""},"class_list":["post-5914","page","type-page","status-publish","hentry"],"yoast_head":"<!-- This site is optimized with the Yoast SEO plugin v26.0 - https:\/\/yoast.com\/wordpress\/plugins\/seo\/ -->\n<title>T\u00f5nis Jakob - Advokaadib\u00fcroo Laus &amp; Partnerid<\/title>\n<meta name=\"robots\" content=\"index, follow, max-snippet:-1, max-image-preview:large, max-video-preview:-1\" \/>\n<link rel=\"canonical\" href=\"https:\/\/lauspartners.ee\/inimesed\/tonis-jakob\/\" \/>\n<meta property=\"og:locale\" content=\"en_US\" \/>\n<meta property=\"og:type\" content=\"article\" \/>\n<meta property=\"og:title\" content=\"T\u00f5nis Jakob - Advokaadib\u00fcroo Laus &amp; Partnerid\" \/>\n<meta property=\"og:description\" content=\"T\u00f5nis Jakob Senior Tax Consultant e-post: &#116;o&#x6e;i&#x73;&#046;&#x6a;&#097;&#x6b;&#111;b&#x40;g&#x6d;&#097;&#x69;&#108;&#x2e;&#099;&#x6f;&#109; Tel + 372 50 11 120 T\u00f5nis Jakob T\u00f5nis Jakob is a Senior Tax Manager of Marisett O\u00dc. T\u00f5nis has a Master\u2019s degree in Economics from Tartu University (\u201ccum laude\u201d in 1974). He has worked for Ministry of Finance (Head of department of taxes and state revenues), National [&hellip;]\" \/>\n<meta property=\"og:url\" content=\"https:\/\/lauspartners.ee\/inimesed\/tonis-jakob\/\" \/>\n<meta property=\"og:site_name\" content=\"Advokaadib\u00fcroo Laus &amp; Partnerid\" \/>\n<meta property=\"article:modified_time\" content=\"2023-10-16T13:05:43+00:00\" \/>\n<meta property=\"og:image\" content=\"https:\/\/lauspartners.ee\/wp-content\/uploads\/2021\/11\/person-gray-photo-placeholder-man-vector-22808088-e1637091806958-800x800.jpg\" \/>\n<meta name=\"twitter:card\" content=\"summary_large_image\" \/>\n<meta name=\"twitter:label1\" content=\"Est. reading time\" \/>\n\t<meta name=\"twitter:data1\" content=\"2 minutes\" \/>\n<script type=\"application\/ld+json\" class=\"yoast-schema-graph\">{\"@context\":\"https:\/\/schema.org\",\"@graph\":[{\"@type\":\"WebPage\",\"@id\":\"https:\/\/lauspartners.ee\/inimesed\/tonis-jakob\/\",\"url\":\"https:\/\/lauspartners.ee\/inimesed\/tonis-jakob\/\",\"name\":\"T\u00f5nis Jakob - Advokaadib\u00fcroo Laus &amp; Partnerid\",\"isPartOf\":{\"@id\":\"https:\/\/lauspartners.ee\/#website\"},\"primaryImageOfPage\":{\"@id\":\"https:\/\/lauspartners.ee\/inimesed\/tonis-jakob\/#primaryimage\"},\"image\":{\"@id\":\"https:\/\/lauspartners.ee\/inimesed\/tonis-jakob\/#primaryimage\"},\"thumbnailUrl\":\"https:\/\/lauspartners.ee\/wp-content\/uploads\/2021\/11\/person-gray-photo-placeholder-man-vector-22808088-e1637091806958-800x800.jpg\",\"datePublished\":\"2021-11-16T20:00:01+00:00\",\"dateModified\":\"2023-10-16T13:05:43+00:00\",\"breadcrumb\":{\"@id\":\"https:\/\/lauspartners.ee\/inimesed\/tonis-jakob\/#breadcrumb\"},\"inLanguage\":\"en-US\",\"potentialAction\":[{\"@type\":\"ReadAction\",\"target\":[\"https:\/\/lauspartners.ee\/inimesed\/tonis-jakob\/\"]}]},{\"@type\":\"ImageObject\",\"inLanguage\":\"en-US\",\"@id\":\"https:\/\/lauspartners.ee\/inimesed\/tonis-jakob\/#primaryimage\",\"url\":\"https:\/\/lauspartners.ee\/wp-content\/uploads\/2021\/11\/person-gray-photo-placeholder-man-vector-22808088-e1637091806958-800x800.jpg\",\"contentUrl\":\"https:\/\/lauspartners.ee\/wp-content\/uploads\/2021\/11\/person-gray-photo-placeholder-man-vector-22808088-e1637091806958-800x800.jpg\"},{\"@type\":\"BreadcrumbList\",\"@id\":\"https:\/\/lauspartners.ee\/inimesed\/tonis-jakob\/#breadcrumb\",\"itemListElement\":[{\"@type\":\"ListItem\",\"position\":1,\"name\":\"Home\",\"item\":\"https:\/\/lauspartners.ee\/en\/\"},{\"@type\":\"ListItem\",\"position\":2,\"name\":\"People\",\"item\":\"https:\/\/lauspartners.ee\/inimesed\/\"},{\"@type\":\"ListItem\",\"position\":3,\"name\":\"T\u00f5nis Jakob\"}]},{\"@type\":\"WebSite\",\"@id\":\"https:\/\/lauspartners.ee\/#website\",\"url\":\"https:\/\/lauspartners.ee\/\",\"name\":\"Advokaadib\u00fcroo Laus &amp; Partnerid\",\"description\":\"Law office Laus &amp; Partners was founded in 1992 in Tallinn. We are a traditional law office with many years of experience providing full range of professional legal services in all areas of law.\",\"publisher\":{\"@id\":\"https:\/\/lauspartners.ee\/#organization\"},\"potentialAction\":[{\"@type\":\"SearchAction\",\"target\":{\"@type\":\"EntryPoint\",\"urlTemplate\":\"https:\/\/lauspartners.ee\/?s={search_term_string}\"},\"query-input\":{\"@type\":\"PropertyValueSpecification\",\"valueRequired\":true,\"valueName\":\"search_term_string\"}}],\"inLanguage\":\"en-US\"},{\"@type\":\"Organization\",\"@id\":\"https:\/\/lauspartners.ee\/#organization\",\"name\":\"Laus ja Partnerid\",\"url\":\"https:\/\/lauspartners.ee\/\",\"logo\":{\"@type\":\"ImageObject\",\"inLanguage\":\"en-US\",\"@id\":\"https:\/\/lauspartners.ee\/#\/schema\/logo\/image\/\",\"url\":\"https:\/\/lauspartners.ee\/wp-content\/uploads\/2017\/02\/laus-partners-logo.png\",\"contentUrl\":\"https:\/\/lauspartners.ee\/wp-content\/uploads\/2017\/02\/laus-partners-logo.png\",\"width\":1094,\"height\":186,\"caption\":\"Laus ja Partnerid\"},\"image\":{\"@id\":\"https:\/\/lauspartners.ee\/#\/schema\/logo\/image\/\"}}]}<\/script>\n<!-- \/ Yoast SEO plugin. -->","yoast_head_json":{"title":"T\u00f5nis Jakob - Advokaadib\u00fcroo Laus &amp; Partnerid","robots":{"index":"index","follow":"follow","max-snippet":"max-snippet:-1","max-image-preview":"max-image-preview:large","max-video-preview":"max-video-preview:-1"},"canonical":"https:\/\/lauspartners.ee\/inimesed\/tonis-jakob\/","og_locale":"en_US","og_type":"article","og_title":"T\u00f5nis Jakob - Advokaadib\u00fcroo Laus &amp; Partnerid","og_description":"T\u00f5nis Jakob Senior Tax Consultant e-post: &#116;o&#x6e;i&#x73;&#46;&#x6a;&#97;&#x6b;&#111;b&#x40;g&#x6d;&#97;&#x69;&#108;&#x2e;&#99;&#x6f;&#109; Tel + 372 50 11 120 T\u00f5nis Jakob T\u00f5nis Jakob is a Senior Tax Manager of Marisett O\u00dc. T\u00f5nis has a Master\u2019s degree in Economics from Tartu University (\u201ccum laude\u201d in 1974). He has worked for Ministry of Finance (Head of department of taxes and state revenues), National [&hellip;]","og_url":"https:\/\/lauspartners.ee\/inimesed\/tonis-jakob\/","og_site_name":"Advokaadib\u00fcroo Laus &amp; Partnerid","article_modified_time":"2023-10-16T13:05:43+00:00","og_image":[{"url":"https:\/\/lauspartners.ee\/wp-content\/uploads\/2021\/11\/person-gray-photo-placeholder-man-vector-22808088-e1637091806958-800x800.jpg","type":"","width":"","height":""}],"twitter_card":"summary_large_image","twitter_misc":{"Est. reading time":"2 minutes"},"schema":{"@context":"https:\/\/schema.org","@graph":[{"@type":"WebPage","@id":"https:\/\/lauspartners.ee\/inimesed\/tonis-jakob\/","url":"https:\/\/lauspartners.ee\/inimesed\/tonis-jakob\/","name":"T\u00f5nis Jakob - Advokaadib\u00fcroo Laus &amp; Partnerid","isPartOf":{"@id":"https:\/\/lauspartners.ee\/#website"},"primaryImageOfPage":{"@id":"https:\/\/lauspartners.ee\/inimesed\/tonis-jakob\/#primaryimage"},"image":{"@id":"https:\/\/lauspartners.ee\/inimesed\/tonis-jakob\/#primaryimage"},"thumbnailUrl":"https:\/\/lauspartners.ee\/wp-content\/uploads\/2021\/11\/person-gray-photo-placeholder-man-vector-22808088-e1637091806958-800x800.jpg","datePublished":"2021-11-16T20:00:01+00:00","dateModified":"2023-10-16T13:05:43+00:00","breadcrumb":{"@id":"https:\/\/lauspartners.ee\/inimesed\/tonis-jakob\/#breadcrumb"},"inLanguage":"en-US","potentialAction":[{"@type":"ReadAction","target":["https:\/\/lauspartners.ee\/inimesed\/tonis-jakob\/"]}]},{"@type":"ImageObject","inLanguage":"en-US","@id":"https:\/\/lauspartners.ee\/inimesed\/tonis-jakob\/#primaryimage","url":"https:\/\/lauspartners.ee\/wp-content\/uploads\/2021\/11\/person-gray-photo-placeholder-man-vector-22808088-e1637091806958-800x800.jpg","contentUrl":"https:\/\/lauspartners.ee\/wp-content\/uploads\/2021\/11\/person-gray-photo-placeholder-man-vector-22808088-e1637091806958-800x800.jpg"},{"@type":"BreadcrumbList","@id":"https:\/\/lauspartners.ee\/inimesed\/tonis-jakob\/#breadcrumb","itemListElement":[{"@type":"ListItem","position":1,"name":"Home","item":"https:\/\/lauspartners.ee\/en\/"},{"@type":"ListItem","position":2,"name":"People","item":"https:\/\/lauspartners.ee\/inimesed\/"},{"@type":"ListItem","position":3,"name":"T\u00f5nis Jakob"}]},{"@type":"WebSite","@id":"https:\/\/lauspartners.ee\/#website","url":"https:\/\/lauspartners.ee\/","name":"Advokaadib\u00fcroo Laus &amp; Partnerid","description":"Law office Laus &amp; Partners was founded in 1992 in Tallinn. We are a traditional law office with many years of experience providing full range of professional legal services in all areas of law.","publisher":{"@id":"https:\/\/lauspartners.ee\/#organization"},"potentialAction":[{"@type":"SearchAction","target":{"@type":"EntryPoint","urlTemplate":"https:\/\/lauspartners.ee\/?s={search_term_string}"},"query-input":{"@type":"PropertyValueSpecification","valueRequired":true,"valueName":"search_term_string"}}],"inLanguage":"en-US"},{"@type":"Organization","@id":"https:\/\/lauspartners.ee\/#organization","name":"Laus ja Partnerid","url":"https:\/\/lauspartners.ee\/","logo":{"@type":"ImageObject","inLanguage":"en-US","@id":"https:\/\/lauspartners.ee\/#\/schema\/logo\/image\/","url":"https:\/\/lauspartners.ee\/wp-content\/uploads\/2017\/02\/laus-partners-logo.png","contentUrl":"https:\/\/lauspartners.ee\/wp-content\/uploads\/2017\/02\/laus-partners-logo.png","width":1094,"height":186,"caption":"Laus ja Partnerid"},"image":{"@id":"https:\/\/lauspartners.ee\/#\/schema\/logo\/image\/"}}]}},"_links":{"self":[{"href":"https:\/\/lauspartners.ee\/en\/wp-json\/wp\/v2\/pages\/5914","targetHints":{"allow":["GET"]}}],"collection":[{"href":"https:\/\/lauspartners.ee\/en\/wp-json\/wp\/v2\/pages"}],"about":[{"href":"https:\/\/lauspartners.ee\/en\/wp-json\/wp\/v2\/types\/page"}],"author":[{"embeddable":true,"href":"https:\/\/lauspartners.ee\/en\/wp-json\/wp\/v2\/users\/4"}],"replies":[{"embeddable":true,"href":"https:\/\/lauspartners.ee\/en\/wp-json\/wp\/v2\/comments?post=5914"}],"version-history":[{"count":16,"href":"https:\/\/lauspartners.ee\/en\/wp-json\/wp\/v2\/pages\/5914\/revisions"}],"predecessor-version":[{"id":6810,"href":"https:\/\/lauspartners.ee\/en\/wp-json\/wp\/v2\/pages\/5914\/revisions\/6810"}],"up":[{"embeddable":true,"href":"https:\/\/lauspartners.ee\/en\/wp-json\/wp\/v2\/pages\/4585"}],"wp:attachment":[{"href":"https:\/\/lauspartners.ee\/en\/wp-json\/wp\/v2\/media?parent=5914"}],"curies":[{"name":"wp","href":"https:\/\/api.w.org\/{rel}","templated":true}]}}